{"id":77,"date":"2023-10-19T11:11:29","date_gmt":"2023-10-19T11:11:29","guid":{"rendered":"https:\/\/www.svvbydleni.cz\/?page_id=77"},"modified":"2023-10-19T19:03:48","modified_gmt":"2023-10-19T19:03:48","slug":"svv-bydleni-matej","status":"publish","type":"page","link":"https:\/\/www.svvbydleni.cz\/","title":{"rendered":"\u00davodn\u00ed str\u00e1nka"},"content":{"rendered":"\n<div class=\"wp-block-jetpack-slideshow aligncenter\" data-effect=\"slide\"><div class=\"wp-block-jetpack-slideshow_container swiper-container\"><ul class=\"wp-block-jetpack-slideshow_swiper-wrapper swiper-wrapper\"><li class=\"wp-block-jetpack-slideshow_slide swiper-slide\"><figure><img loading=\"lazy\" decoding=\"async\" width=\"1024\" height=\"614\" alt=\"\" class=\"wp-block-jetpack-slideshow_image wp-image-55\" data-id=\"55\" src=\"http:\/\/www.svvbydleni.cz\/wp-content\/uploads\/2023\/10\/cropped-02-dum-scaled-3-1024x614.jpeg\" srcset=\"https:\/\/www.svvbydleni.cz\/wp-content\/uploads\/2023\/10\/cropped-02-dum-scaled-3-1024x614.jpeg 1024w, https:\/\/www.svvbydleni.cz\/wp-content\/uploads\/2023\/10\/cropped-02-dum-scaled-3-300x180.jpeg 300w, https:\/\/www.svvbydleni.cz\/wp-content\/uploads\/2023\/10\/cropped-02-dum-scaled-3-768x460.jpeg 768w, https:\/\/www.svvbydleni.cz\/wp-content\/uploads\/2023\/10\/cropped-02-dum-scaled-3-1536x921.jpeg 1536w, https:\/\/www.svvbydleni.cz\/wp-content\/uploads\/2023\/10\/cropped-02-dum-scaled-3.jpeg 2000w\" sizes=\"auto, (max-width: 1024px) 100vw, 1024px\" \/><\/figure><\/li><li class=\"wp-block-jetpack-slideshow_slide swiper-slide\"><figure><img loading=\"lazy\" decoding=\"async\" width=\"1024\" height=\"614\" alt=\"\" class=\"wp-block-jetpack-slideshow_image wp-image-54\" data-id=\"54\" src=\"http:\/\/www.svvbydleni.cz\/wp-content\/uploads\/2023\/10\/cropped-01-dum-scaled-1-1024x614.jpeg\" srcset=\"https:\/\/www.svvbydleni.cz\/wp-content\/uploads\/2023\/10\/cropped-01-dum-scaled-1-1024x614.jpeg 1024w, https:\/\/www.svvbydleni.cz\/wp-content\/uploads\/2023\/10\/cropped-01-dum-scaled-1-300x180.jpeg 300w, https:\/\/www.svvbydleni.cz\/wp-content\/uploads\/2023\/10\/cropped-01-dum-scaled-1-768x460.jpeg 768w, https:\/\/www.svvbydleni.cz\/wp-content\/uploads\/2023\/10\/cropped-01-dum-scaled-1-1536x921.jpeg 1536w, https:\/\/www.svvbydleni.cz\/wp-content\/uploads\/2023\/10\/cropped-01-dum-scaled-1.jpeg 2000w\" sizes=\"auto, (max-width: 1024px) 100vw, 1024px\" \/><\/figure><\/li><li class=\"wp-block-jetpack-slideshow_slide swiper-slide\"><figure><img loading=\"lazy\" decoding=\"async\" width=\"1024\" height=\"768\" alt=\"\" class=\"wp-block-jetpack-slideshow_image wp-image-23\" data-id=\"23\" src=\"http:\/\/www.svvbydleni.cz\/wp-content\/uploads\/2023\/10\/04-kuchyn-1024x768.png\" srcset=\"https:\/\/www.svvbydleni.cz\/wp-content\/uploads\/2023\/10\/04-kuchyn-1024x768.png 1024w, https:\/\/www.svvbydleni.cz\/wp-content\/uploads\/2023\/10\/04-kuchyn-300x225.png 300w, https:\/\/www.svvbydleni.cz\/wp-content\/uploads\/2023\/10\/04-kuchyn-768x576.png 768w, https:\/\/www.svvbydleni.cz\/wp-content\/uploads\/2023\/10\/04-kuchyn-1536x1152.png 1536w, https:\/\/www.svvbydleni.cz\/wp-content\/uploads\/2023\/10\/04-kuchyn.png 1600w\" sizes=\"auto, (max-width: 1024px) 100vw, 1024px\" \/><\/figure><\/li><li class=\"wp-block-jetpack-slideshow_slide swiper-slide\"><figure><img loading=\"lazy\" decoding=\"async\" width=\"1024\" height=\"768\" alt=\"\" class=\"wp-block-jetpack-slideshow_image wp-image-14\" data-id=\"14\" src=\"http:\/\/www.svvbydleni.cz\/wp-content\/uploads\/2023\/10\/03-kuchyn-1024x768.jpeg\" srcset=\"https:\/\/www.svvbydleni.cz\/wp-content\/uploads\/2023\/10\/03-kuchyn-1024x768.jpeg 1024w, https:\/\/www.svvbydleni.cz\/wp-content\/uploads\/2023\/10\/03-kuchyn-300x225.jpeg 300w, https:\/\/www.svvbydleni.cz\/wp-content\/uploads\/2023\/10\/03-kuchyn-768x576.jpeg 768w, https:\/\/www.svvbydleni.cz\/wp-content\/uploads\/2023\/10\/03-kuchyn-1536x1152.jpeg 1536w, https:\/\/www.svvbydleni.cz\/wp-content\/uploads\/2023\/10\/03-kuchyn-2048x1536.jpeg 2048w\" sizes=\"auto, (max-width: 1024px) 100vw, 1024px\" \/><\/figure><\/li><li class=\"wp-block-jetpack-slideshow_slide swiper-slide\"><figure><img loading=\"lazy\" decoding=\"async\" width=\"1024\" height=\"768\" alt=\"\" class=\"wp-block-jetpack-slideshow_image wp-image-15\" data-id=\"15\" src=\"http:\/\/www.svvbydleni.cz\/wp-content\/uploads\/2023\/10\/05-pokoj-1024x768.jpeg\" srcset=\"https:\/\/www.svvbydleni.cz\/wp-content\/uploads\/2023\/10\/05-pokoj-1024x768.jpeg 1024w, https:\/\/www.svvbydleni.cz\/wp-content\/uploads\/2023\/10\/05-pokoj-300x225.jpeg 300w, https:\/\/www.svvbydleni.cz\/wp-content\/uploads\/2023\/10\/05-pokoj-768x576.jpeg 768w, https:\/\/www.svvbydleni.cz\/wp-content\/uploads\/2023\/10\/05-pokoj-1536x1152.jpeg 1536w, https:\/\/www.svvbydleni.cz\/wp-content\/uploads\/2023\/10\/05-pokoj-2048x1536.jpeg 2048w\" sizes=\"auto, (max-width: 1024px) 100vw, 1024px\" \/><\/figure><\/li><li class=\"wp-block-jetpack-slideshow_slide swiper-slide\"><figure><img loading=\"lazy\" decoding=\"async\" width=\"1024\" height=\"768\" alt=\"\" class=\"wp-block-jetpack-slideshow_image wp-image-19\" data-id=\"19\" src=\"http:\/\/www.svvbydleni.cz\/wp-content\/uploads\/2023\/10\/09-pokoj-1024x768.jpeg\" srcset=\"https:\/\/www.svvbydleni.cz\/wp-content\/uploads\/2023\/10\/09-pokoj-1024x768.jpeg 1024w, https:\/\/www.svvbydleni.cz\/wp-content\/uploads\/2023\/10\/09-pokoj-300x225.jpeg 300w, https:\/\/www.svvbydleni.cz\/wp-content\/uploads\/2023\/10\/09-pokoj-768x576.jpeg 768w, https:\/\/www.svvbydleni.cz\/wp-content\/uploads\/2023\/10\/09-pokoj-1536x1152.jpeg 1536w, https:\/\/www.svvbydleni.cz\/wp-content\/uploads\/2023\/10\/09-pokoj-2048x1536.jpeg 2048w\" sizes=\"auto, (max-width: 1024px) 100vw, 1024px\" \/><\/figure><\/li><li class=\"wp-block-jetpack-slideshow_slide swiper-slide\"><figure><img loading=\"lazy\" decoding=\"async\" width=\"1024\" height=\"768\" alt=\"\" class=\"wp-block-jetpack-slideshow_image wp-image-20\" data-id=\"20\" src=\"http:\/\/www.svvbydleni.cz\/wp-content\/uploads\/2023\/10\/06-pokoj-1024x768.jpeg\" srcset=\"https:\/\/www.svvbydleni.cz\/wp-content\/uploads\/2023\/10\/06-pokoj-1024x768.jpeg 1024w, https:\/\/www.svvbydleni.cz\/wp-content\/uploads\/2023\/10\/06-pokoj-300x225.jpeg 300w, https:\/\/www.svvbydleni.cz\/wp-content\/uploads\/2023\/10\/06-pokoj-768x576.jpeg 768w, https:\/\/www.svvbydleni.cz\/wp-content\/uploads\/2023\/10\/06-pokoj-1536x1152.jpeg 1536w, https:\/\/www.svvbydleni.cz\/wp-content\/uploads\/2023\/10\/06-pokoj-2048x1536.jpeg 2048w\" sizes=\"auto, (max-width: 1024px) 100vw, 1024px\" \/><\/figure><\/li><li class=\"wp-block-jetpack-slideshow_slide swiper-slide\"><figure><img loading=\"lazy\" decoding=\"async\" width=\"1024\" height=\"768\" alt=\"\" class=\"wp-block-jetpack-slideshow_image wp-image-17\" data-id=\"17\" src=\"http:\/\/www.svvbydleni.cz\/wp-content\/uploads\/2023\/10\/08-pokoj-1024x768.jpeg\" srcset=\"https:\/\/www.svvbydleni.cz\/wp-content\/uploads\/2023\/10\/08-pokoj-1024x768.jpeg 1024w, https:\/\/www.svvbydleni.cz\/wp-content\/uploads\/2023\/10\/08-pokoj-300x225.jpeg 300w, https:\/\/www.svvbydleni.cz\/wp-content\/uploads\/2023\/10\/08-pokoj-768x576.jpeg 768w, https:\/\/www.svvbydleni.cz\/wp-content\/uploads\/2023\/10\/08-pokoj-1536x1152.jpeg 1536w, https:\/\/www.svvbydleni.cz\/wp-content\/uploads\/2023\/10\/08-pokoj-2048x1536.jpeg 2048w\" sizes=\"auto, (max-width: 1024px) 100vw, 1024px\" \/><\/figure><\/li><li class=\"wp-block-jetpack-slideshow_slide swiper-slide\"><figure><img loading=\"lazy\" decoding=\"async\" width=\"768\" height=\"1024\" alt=\"\" class=\"wp-block-jetpack-slideshow_image wp-image-16\" data-id=\"16\" src=\"http:\/\/www.svvbydleni.cz\/wp-content\/uploads\/2023\/10\/11-WC-768x1024.png\" srcset=\"https:\/\/www.svvbydleni.cz\/wp-content\/uploads\/2023\/10\/11-WC-768x1024.png 768w, https:\/\/www.svvbydleni.cz\/wp-content\/uploads\/2023\/10\/11-WC-225x300.png 225w, https:\/\/www.svvbydleni.cz\/wp-content\/uploads\/2023\/10\/11-WC-1152x1536.png 1152w, https:\/\/www.svvbydleni.cz\/wp-content\/uploads\/2023\/10\/11-WC.png 1162w\" sizes=\"auto, (max-width: 768px) 100vw, 768px\" \/><\/figure><\/li><li class=\"wp-block-jetpack-slideshow_slide swiper-slide\"><figure><img loading=\"lazy\" decoding=\"async\" width=\"1024\" height=\"768\" alt=\"\" class=\"wp-block-jetpack-slideshow_image wp-image-12\" data-id=\"12\" src=\"http:\/\/www.svvbydleni.cz\/wp-content\/uploads\/2023\/10\/10-koupelna-1024x768.jpeg\" srcset=\"https:\/\/www.svvbydleni.cz\/wp-content\/uploads\/2023\/10\/10-koupelna-1024x768.jpeg 1024w, https:\/\/www.svvbydleni.cz\/wp-content\/uploads\/2023\/10\/10-koupelna-300x225.jpeg 300w, https:\/\/www.svvbydleni.cz\/wp-content\/uploads\/2023\/10\/10-koupelna-768x576.jpeg 768w, https:\/\/www.svvbydleni.cz\/wp-content\/uploads\/2023\/10\/10-koupelna-1536x1152.jpeg 1536w, https:\/\/www.svvbydleni.cz\/wp-content\/uploads\/2023\/10\/10-koupelna-2048x1536.jpeg 2048w\" sizes=\"auto, (max-width: 1024px) 100vw, 1024px\" \/><\/figure><\/li><li class=\"wp-block-jetpack-slideshow_slide swiper-slide\"><figure><img loading=\"lazy\" decoding=\"async\" width=\"768\" height=\"1024\" alt=\"\" class=\"wp-block-jetpack-slideshow_image wp-image-18\" data-id=\"18\" src=\"http:\/\/www.svvbydleni.cz\/wp-content\/uploads\/2023\/10\/12-balkon-768x1024.jpeg\" srcset=\"https:\/\/www.svvbydleni.cz\/wp-content\/uploads\/2023\/10\/12-balkon-768x1024.jpeg 768w, https:\/\/www.svvbydleni.cz\/wp-content\/uploads\/2023\/10\/12-balkon-225x300.jpeg 225w, https:\/\/www.svvbydleni.cz\/wp-content\/uploads\/2023\/10\/12-balkon-1152x1536.jpeg 1152w, https:\/\/www.svvbydleni.cz\/wp-content\/uploads\/2023\/10\/12-balkon-1536x2048.jpeg 1536w, https:\/\/www.svvbydleni.cz\/wp-content\/uploads\/2023\/10\/12-balkon-scaled.jpeg 1919w\" sizes=\"auto, (max-width: 768px) 100vw, 768px\" \/><\/figure><\/li><\/ul><a class=\"wp-block-jetpack-slideshow_button-prev swiper-button-prev swiper-button-white\" role=\"button\"><\/a><a class=\"wp-block-jetpack-slideshow_button-next swiper-button-next swiper-button-white\" role=\"button\"><\/a><a aria-label=\"Pause Slideshow\" class=\"wp-block-jetpack-slideshow_button-pause\" role=\"button\"><\/a><div class=\"wp-block-jetpack-slideshow_pagination swiper-pagination swiper-pagination-white\"><\/div><\/div><\/div>\n\n\n\n<div class=\"wp-block-columns is-layout-flex wp-container-core-columns-is-layout-28f84493 wp-block-columns-is-layout-flex\">\n<div class=\"wp-block-column is-layout-flow wp-block-column-is-layout-flow\">\n<hr class=\"wp-block-separator has-alpha-channel-opacity\"\/>\n\n\n\n<p class=\"has-text-align-center\"><strong>Rekonstrukce<\/strong><\/p>\n\n\n\n<p class=\"has-text-align-center has-x-large-font-size\"><strong>2019<\/strong><\/p>\n\n\n\n<hr class=\"wp-block-separator has-alpha-channel-opacity\"\/>\n<\/div>\n\n\n\n<div class=\"wp-block-column is-layout-flow wp-block-column-is-layout-flow\">\n<hr class=\"wp-block-separator has-alpha-channel-opacity\"\/>\n\n\n\n<p class=\"has-text-align-center\"><strong>Po\u010det byt\u016f<\/strong><\/p>\n\n\n\n<p class=\"has-text-align-center margin-top-none margin-bottom-half has-custom-size has-x-large-font-size\"><strong>14<\/strong><\/p>\n\n\n\n<hr class=\"wp-block-separator has-alpha-channel-opacity\"\/>\n<\/div>\n\n\n\n<div class=\"wp-block-column is-layout-flow wp-block-column-is-layout-flow\">\n<hr class=\"wp-block-separator has-alpha-channel-opacity\"\/>\n\n\n\n<p class=\"has-text-align-center\"><strong>m2<\/strong><\/p>\n\n\n\n<p class=\"has-text-align-center has-x-large-font-size\"><strong>791<\/strong><\/p>\n\n\n\n<hr class=\"wp-block-separator has-alpha-channel-opacity\"\/>\n<\/div>\n<\/div>\n\n\n\n<p class=\"has-text-align-center\">Nemovitost pro\u0161la v roce 2019 kompletn\u00ed rekonstrukc\u00ed. <\/p>\n\n\n\n<p class=\"has-text-align-center\">14 bytov\u00fdch jednotek, kter\u00e9 se dlouhodob\u011b pronaj\u00edmaj\u00ed.<\/p>\n\n\n\n<hr class=\"wp-block-separator has-alpha-channel-opacity\"\/>\n\n\n\n<h2 class=\"wp-block-heading has-text-align-center\">SVV bydlen\u00ed s.r.o.<\/h2>\n\n\n\n<p>I\u010cO: 190 70 926<\/p>\n\n\n\n<p class=\"has-small-font-size\">zaps\u00e1na v&nbsp;obchodn\u00edm rejst\u0159\u00edku veden\u00e9m u M\u011bstsk\u00e9ho soudu v Praze, odd\u00edl C, vlo\u017eka 380980<\/p>\n\n\n\n<p>S\u00eddlo spole\u010dnosti:<\/p>\n\n\n\n<p>Baranova 1026\/33, PS\u010c 130 00 Praha 3<\/p>\n\n\n\n<p>info@svvbydleni.cz<\/p>\n\n\n\n<hr class=\"wp-block-separator has-alpha-channel-opacity is-style-default\"\/>\n\n\n\n<h2 class=\"wp-block-heading has-text-align-center\">Kontaktn\u00ed osoby<\/h2>\n\n\n\n<figure class=\"wp-block-table is-style-regular\"><table class=\"has-background-color has-text-color has-background\" style=\"background-color:#0a0f2c\"><tbody><tr><td class=\"has-text-align-center\" data-align=\"center\"><strong>JUDr. Petr Sl\u00e1dek<\/strong><\/td><td class=\"has-text-align-center\" data-align=\"center\"><strong>Miroslav Vanka<\/strong><\/td><td class=\"has-text-align-center\" data-align=\"center\"><strong>Radek Vla\u0161ic<\/strong><\/td><\/tr><tr><td class=\"has-text-align-center\" data-align=\"center\">jednatel<\/td><td class=\"has-text-align-center\" data-align=\"center\">jednatel<\/td><td class=\"has-text-align-center\" data-align=\"center\">obchodn\u00ed \u0159editel<\/td><\/tr><\/tbody><\/table><\/figure>\n","protected":false},"excerpt":{"rendered":"<p>Rekonstrukce 2019 Po\u010det byt\u016f 14 m2 791 Nemovitost pro\u0161la v roce 2019 kompletn\u00ed rekonstrukc\u00ed. 14 bytov\u00fdch jednotek, kter\u00e9 se dlouhodob\u011b pronaj\u00edmaj\u00ed. SVV bydlen\u00ed s.r.o. I\u010cO: 190 70 926 zaps\u00e1na v&nbsp;obchodn\u00edm rejst\u0159\u00edku veden\u00e9m u M\u011bstsk\u00e9ho soudu v Praze, odd\u00edl C, vlo\u017eka 380980 S\u00eddlo spole\u010dnosti: Baranova 1026\/33, PS\u010c 130 00 Praha 3 info@svvbydleni.cz Kontaktn\u00ed osoby JUDr. Petr [&hellip;]<\/p>\n","protected":false},"author":1,"featured_media":0,"parent":0,"menu_order":0,"comment_status":"closed","ping_status":"closed","template":"blank","meta":{"footnotes":""},"class_list":["post-77","page","type-page","status-publish","hentry"],"jetpack_sharing_enabled":true,"_links":{"self":[{"href":"https:\/\/www.svvbydleni.cz\/index.php?rest_route=\/wp\/v2\/pages\/77","targetHints":{"allow":["GET"]}}],"collection":[{"href":"https:\/\/www.svvbydleni.cz\/index.php?rest_route=\/wp\/v2\/pages"}],"about":[{"href":"https:\/\/www.svvbydleni.cz\/index.php?rest_route=\/wp\/v2\/types\/page"}],"author":[{"embeddable":true,"href":"https:\/\/www.svvbydleni.cz\/index.php?rest_route=\/wp\/v2\/users\/1"}],"replies":[{"embeddable":true,"href":"https:\/\/www.svvbydleni.cz\/index.php?rest_route=%2Fwp%2Fv2%2Fcomments&post=77"}],"version-history":[{"count":17,"href":"https:\/\/www.svvbydleni.cz\/index.php?rest_route=\/wp\/v2\/pages\/77\/revisions"}],"predecessor-version":[{"id":136,"href":"https:\/\/www.svvbydleni.cz\/index.php?rest_route=\/wp\/v2\/pages\/77\/revisions\/136"}],"wp:attachment":[{"href":"https:\/\/www.svvbydleni.cz\/index.php?rest_route=%2Fwp%2Fv2%2Fmedia&parent=77"}],"curies":[{"name":"wp","href":"https:\/\/api.w.org\/{rel}","templated":true}]}}